{"id":10,"date":"2014-10-19T18:27:02","date_gmt":"2014-10-19T17:27:02","guid":{"rendered":"http:\/\/www.ahntuan.fr\/?page_id=10"},"modified":"2022-09-21T14:12:37","modified_gmt":"2022-09-21T13:12:37","slug":"projets","status":"publish","type":"page","link":"http:\/\/www.ahntuan.fr\/?page_id=10","title":{"rendered":"Sur sc\u00e8ne"},"content":{"rendered":"<p>En 2022 Antoine Galvani officie :<\/p>\n<p>en tant que leader de son <a title=\"Antoine Galvani Sextet\" href=\"http:\/\/www.ahntuan.fr\/?page_id=478\">LUI-MEME SEXTET<\/a> (jazz)<br>et de <a title=\"La Grande Radio\" href=\"http:\/\/www.ahntuan.fr\/?page_id=514\">LA GRANDE RADIO<\/a> (jazz aussi),<br>seul en sc\u00e8ne dans le spectacle <a title=\"La vie presque v\u00e9cue de Johannes Brahms (et de quelques potes \u00e0 lui)\" href=\"http:\/\/www.ahntuan.fr\/?page_id=490\">LA VIE PRESQUE VECUE DE JOHANNES BRAHMS (ET DE QUELQUES POTES A LUI)<\/a> (piano solo)<br>en tant qu&rsquo;organiste de <a title=\"Cheap Wine\" href=\"http:\/\/www.ahntuan.fr\/?page_id=363\">CHEAP WINE<\/a> (rock psych\u00e9d\u00e9lique)<br>et fait <a title=\"Experience\" href=\"http:\/\/www.ahntuan.fr\/?page_id=96\">des trucs qui n&rsquo;ont rien \u00e0 voir avec tout \u00e7a<\/a>.<\/p>\n<p>Les \u00e9tiquettes sont non-contractuelles.<\/p>\n<p>Autrefois on a pu le voir :<\/p>\n<p>en tant que leader du AHN TUAN TRIO puis AHN TUAN NEW QUARTET (jazz)<br>en tant que clavieriste de <a title=\"Symetry\" href=\"http:\/\/www.ahntuan.fr\/?page_id=14\">SYMETRY<\/a> (m\u00e9tal)<br>en tant que co-leader de <a title=\"The Piano Upperground &amp; Nico\" href=\"http:\/\/www.ahntuan.fr\/?page_id=16\">THE PIANO UPPERGROUND &amp; NICO<\/a> (inclassable duo acoustique)<br>dans le duo \u00e9ph\u00e9m\u00e8re <a href=\"http:\/\/www.ahntuan.fr\/?page_id=529\">Effigies<\/a><br>en tant que pianiste du <a href=\"http:\/\/www.ahntuan.fr\/?page_id=533\">Sextet and the City<\/a><br>en tant que co-leader de SHINDA&rsquo;n&rsquo;TUAN (pop)<br>et comme pianiste de JOHAN DELVARRE (folk)<\/p>\n<p>(pages \u00e0 venir)<\/p>\n\n\n<p><\/p>\n","protected":false},"excerpt":{"rendered":"<p>En 2022 Antoine Galvani officie : en tant que leader de son LUI-MEME SEXTET (jazz)et de LA GRANDE RADIO (jazz aussi),seul en sc\u00e8ne dans le spectacle LA VIE PRESQUE VECUE DE JOHANNES BRAHMS (ET DE QUELQUES POTES A LUI) (piano solo)en tant qu&rsquo;organiste de CHEAP WINE (rock psych\u00e9d\u00e9lique)et fait des trucs qui n&rsquo;ont rien \u00e0 [&hellip;]<\/p>\n","protected":false},"author":1,"featured_media":0,"parent":0,"menu_order":2,"comment_status":"closed","ping_status":"closed","template":"","meta":[],"_links":{"self":[{"href":"http:\/\/www.ahntuan.fr\/index.php?rest_route=\/wp\/v2\/pages\/10"}],"collection":[{"href":"http:\/\/www.ahntuan.fr\/index.php?rest_route=\/wp\/v2\/pages"}],"about":[{"href":"http:\/\/www.ahntuan.fr\/index.php?rest_route=\/wp\/v2\/types\/page"}],"author":[{"embeddable":true,"href":"http:\/\/www.ahntuan.fr\/index.php?rest_route=\/wp\/v2\/users\/1"}],"replies":[{"embeddable":true,"href":"http:\/\/www.ahntuan.fr\/index.php?rest_route=%2Fwp%2Fv2%2Fcomments&post=10"}],"version-history":[{"count":10,"href":"http:\/\/www.ahntuan.fr\/index.php?rest_route=\/wp\/v2\/pages\/10\/revisions"}],"predecessor-version":[{"id":596,"href":"http:\/\/www.ahntuan.fr\/index.php?rest_route=\/wp\/v2\/pages\/10\/revisions\/596"}],"wp:attachment":[{"href":"http:\/\/www.ahntuan.fr\/index.php?rest_route=%2Fwp%2Fv2%2Fmedia&parent=10"}],"curies":[{"name":"wp","href":"https:\/\/api.w.org\/{rel}","templated":true}]}}