{"id":417,"date":"2016-10-12T21:07:24","date_gmt":"2016-10-12T20:07:24","guid":{"rendered":"http:\/\/www.ahntuan.fr\/?page_id=417"},"modified":"2022-09-26T15:32:19","modified_gmt":"2022-09-26T14:32:19","slug":"concerts-passes","status":"publish","type":"page","link":"http:\/\/www.ahntuan.fr\/?page_id=417","title":{"rendered":"Concerts pass\u00e9s"},"content":{"rendered":"<p>2016<\/p>\n<p>Dimanche 3 juillet, 17h : AHN TUAN SOLO @ La Grange, Le Percy (38) (FESTIVAL PIANO EN TRIEVES)<br \/>Jeudi 7 juillet : AHN TUAN NEW QUARTET @ Mir\u00e9 (49) (SAVEURS JAZZ FESTIVAL)<br \/>Vendredi 8 juillet : AHN TUAN NEW QUARTET @ St-Augustin-des-Bois (SAVEURS JAZZ FESTIVAL)<br \/>Samedi 9 juillet : CHEAP WINE @ Alligator Club, Poznan (POL)<br \/>Dimanche 10 juillet : CHEAP WINE @ Red Smoke Festival, Pleszew (POL)<br \/>Mardi 12 juillet : CHEAP WINE @ Xi20, Vilnius (LIT)<br \/>Mercredi 13 juillet : CHEAP WINE @ Depo, Riga (LV)<br \/>Jeudi 14 juillet : CHEAP WINE @ Tallinn (EST)<br \/>Vendredi 15 juillet : CHEAP WINE @ Aptek, Haapsalu (EST)<br \/>Samedi 16 juillet : CHEAP WINE @ Valmiera (LV)<br \/>Dimanche 17 juillet : CHEAP WINE @ Devil Stone Festival (LIT)<br \/>Mercredi 27 juillet : AHN TUAN NEW QUARTET @ Les Valseuses, Vannes (56)<br \/>Jeudi 28 juillet : AHN TUAN NEW QUARTET @ La Jam Session, Vannes (56)<br \/>Vendredi 5 ao\u00fbt : AHN TUAN NEW QUARTET @ Jazz in Marciac (32)<br \/>Samedi 13 ao\u00fbt : CHEAP WINE @ Cernoy (60) (CELEBRATION DAYS FESTIVAL)<br \/>Jeudi 15 septembre : CHEAP WINE @ Joker&rsquo;s Pub, Angers (49)<br \/>Vendredi 16 septembre : CHEAP WINE @ Hipster Caf\u00e9, Rouen (76)<br \/>Mercredi 16 novembre : AHN TUAN NEW QUARTET @ Le Petit Faucheux, Tours (37)<br \/>Samedi 19 novembre : AHN TUAN NEW QUARTET @ Jazz Club Lyon St-Georges, Lyon (69)<br \/>Dimanche 20 novembre : AHN TUAN NEW QUARTET @ Espace Bertet, Gi\u00e8res (38)<br \/>Lundi 21 novembre : AHN TUAN NEW QUARTET @ Cit\u00e9 des Arts, Chamb\u00e9ry (73)<br \/>Dimanche 27 novembre : AHN TUAN NEW QUARTET @ le JAM, Marseille (13)<br \/>Mardi 29 novembre : AHN TUAN NEW QUARTET @ IMFP, Salon-de-Provence (13)<\/p>\n<p>2017<\/p>\n<p>Samedi 21 janvier : LES BANDITS MANCHOTS @ l&rsquo;Improvidence, Lyon (69)<br \/>Samedi 28 janvier : LA VIE DES AUTRES @ la Grange, Apprieu (38)<br \/>Jeudi 2 f\u00e9vrier : ENVOLEES LIBRES @ le Canberra, St-Martin-d&rsquo;H\u00e8res (38)<br \/>Samedi 4 f\u00e9vrier : LA VIE DES AUTRES @ la Belle Epoque, St-Etienne-de-st-Geoirs (38)<br \/>Jeudi 9 f\u00e9vrier : CHEAP WINE @ Bilbao (ESP)<br \/>Vendredi 10 f\u00e9vrier : CHEAP WINE @ Donostia (ESP)<br \/>Samedi 11 f\u00e9vrier : CHEAP WINE @ Madrid (ESP)<br \/>Dimanche 12 f\u00e9vrier : CHEAP WINE @ Orihuela (ESP)<br \/>Mardi 14 f\u00e9vrier : CHEAP WINE @ Barcelona (ESP)<br \/>Mercredi 15 f\u00e9vrier : CHEAP WINE @ Monzon (ESP)<br \/>Jeudi 16 f\u00e9vrier : CHEAP WINE @ Plasencia (ESP)<br \/>Vendredi 17 f\u00e9vrier : CHEAP WINE @ Barcelos (POR)<br \/>Samedi 18 f\u00e9vrier : CHEAP WINE @ A Coruna (ESP)<br \/>Dimanche 19 f\u00e9vrier : CHEAP WINE @ Valladolid (ESP)<br \/>Mardi 21 f\u00e9vrier : CHEAP WINE @ Clermont-Ferrand (63)<br \/>Jeudi 16 mars : CHEAP WINE @ Beauvais (60) \u00ab\u00a0Blues Autour du Zinc\u00a0\u00bb<br \/>Vendredi 17 mars : JOHN CONNAUGHTON QUARTET @ Vaulx-en-Velin (69) \u00ab\u00a0A Vaulx Jazz\u00a0\u00bb<br \/>Samedi 1er avril : CHEAP WINE @ le Cirque Electrique, Paris<br \/>Jeudi 6 avril : LA VIE DES AUTRES @ le Canberra, St-Martin-d&rsquo;H\u00e8res (38)<br \/>Samedi 8 avril : ANTOINE GALVANI SOLO @ Proveyzieux (38)<br \/>Mercredi 12 avril : JOHN CONNAUGHTON QUARTET @ la Clef de Vo\u00fbte, Lyon<br \/>Samedi 6 mai : LA VIE DES AUTRES @ la Belle Epoque, st-Etienne-de-st-Geoirs (38)<br \/>Mardi 9 mai : ANTOINE GALVANI QUARTET + INVITES @ Sunside, Paris \u00ab\u00a0release party Suite Astrale !\u00a0\u00bb<br \/>Vendredi 12 mai : SUITE ASTRALE &#8211; sortie nationale<br \/>Samedi 27 mai : LA VIE DES AUTRES @ la Basse-Cour, Grenoble<br \/>Samedi 3 juin : ANTOINE GALVANI TRIO @ Proveyzieux (38)<br \/>Dimanche 4 juin : ANTOINE GALVANI QUARTET @ Auberge de Presles (38) \u00ab\u00a0Jazz \u00e0 Presles\u00a0\u00bb<br \/>Samedi 10 juin : ANTOINE GALVANI SEXTET @ La Grange, Erquery (60)<br \/>Jeudi 15 au dimanche 18 juin : LA VIE DES AUTRES @ le Poulailler, Monestier-du-Percy (38)<br \/>Samedi 24 juin : CHEAP WINE @ Picart&rsquo;s Festival (02)<\/p>\n<p>2018<\/p>\n<p>\u00a0<\/p>\n<ul>\n<li><strong>Mardi 26 et mercredi 27 juin :<\/strong> <a href=\"https:\/\/www.facebook.com\/Little-Jane-1813193842318730\/\">LITTLE JANE<\/a> @ Fort de Comboire, Claix (38) &#8211; festival <a href=\"http:\/\/www.fortdecomboire.fr\/les-nuits-du-fort-de-comboire\/\">\u00ab\u00a0les Nuits du Fort\u00a0\u00bb<\/a><\/li>\n<li><a href=\"http:\/\/www.fortdecomboire.fr\/les-nuits-du-fort-de-comboire\/\"><strong>Samedi 7 juillet, 20h :<\/strong> LA VIE PLUS OU MOINS EXACTE DE JOHANNES BRAHMS (et de quelques potes \u00e0 lui) : piano solo + guest Baptistine Mortier (soprano) @ La Grange du Percy (38), <\/a><a href=\"http:\/\/piano-en-trieves.com\/\">Festival de Piano en Tri\u00e8ves<\/a><\/li>\n<li><strong>Vendredi 13 juillet :<\/strong> <a href=\"https:\/\/cheapwinetheband.bandcamp.com\/\">CHEAP WINE<\/a> @ Espace Culturel Buzenval, Beauvais (60) (ft Soul Return)<\/li>\n<li><strong>Samedi 14 juillet :<\/strong> <a href=\"https:\/\/cheapwinetheband.bandcamp.com\/\">CHEAP WINE<\/a> @ la Grange, Erquery (60) (ft Flippant le Dauphin)<\/li>\n<li><strong>Samedi 21 juillet :<\/strong> ANTOINE GALVANI SEXTET @ la Grange, Erquery (60)<\/li>\n<li><strong>Dimanche 12 ao\u00fbt :<\/strong> ANTOINE GALVANI SEXTET + CHEAP WINE @ Cernoy (60) &#8211; Celebration Days Festival<\/li>\n<li><strong>Vendredi 31 ao\u00fbt &amp; samedi 1er septembre :<\/strong> <a href=\"https:\/\/www.facebook.com\/Little-Jane-1813193842318730\/\">LITTLE JANE<\/a> @ <a href=\"http:\/\/festivalduvieuxtemple.fr\/pages\/index_desktop.php?\">Festival de la Cour du Vieux Temple<\/a>, Grenoble<\/li>\n<li><strong>Vendredi 28 et samedi 29 septembre :<\/strong> <a href=\"https:\/\/www.facebook.com\/Little-Jane-1813193842318730\/\">LITTLE JANE<\/a> @ <a href=\"https:\/\/www.mapado.com\/jarrie\/little-jane\">Ch\u00e2teau de Bon Repos<\/a>, Jarrie (38)<\/li>\n<li><strong>Samedi 6 octobre :<\/strong> Romantique Allemand de chambre (avec Baptistine Mortier) @ Proveysieux (priv\u00e9)<\/li>\n<li><strong>Vendredi 12 octobre :<\/strong> <a href=\"https:\/\/cheapwinetheband.bandcamp.com\/\">CHEAP WINE<\/a> @ Salle Pommery, Clermont (60)<\/li>\n<li><strong>Mardi 16 octobre :<\/strong> <a href=\"https:\/\/www.facebook.com\/Little-Jane-1813193842318730\/\" target=\"_blank\" rel=\"noopener\" data-cke-saved-href=\"https:\/\/www.facebook.com\/Little-Jane-1813193842318730\/\">LITTLE JANE<\/a> @ Salle du Laussy, Gi\u00e8res (38)<\/li>\n<li><strong>Samedi 20 octobre :<\/strong> <a href=\"https:\/\/www.facebook.com\/Little-Jane-1813193842318730\/\" target=\"_blank\" rel=\"noopener\" data-cke-saved-href=\"https:\/\/www.facebook.com\/Little-Jane-1813193842318730\/\">LITTLE JANE<\/a> @ le Transfo, les Echelles (38)<\/li>\n<li><strong>Vendredi 9-dimanche 11 novembre :<\/strong> <a href=\"https:\/\/cheapwinetheband.bandcamp.com\/\" target=\"_blank\" rel=\"noopener\">CHEAP WINE<\/a> @ RTC Tour<\/li>\n<li><strong>Vendredi 16 novembre :<\/strong> ANTOINE GALVANI SEXTET @ <a href=\"https:\/\/www.hotclubjazzlyon.com\/\" target=\"_blank\" rel=\"noopener\">Hot Club de Lyon<\/a><\/li>\n<li><strong>Samedi 17 novembre :<\/strong> ANTOINE GALVANI TRIO @ <a href=\"http:\/\/www.jazzclub-lyonsaintgeorges.fr\/fr\/\" target=\"_blank\" rel=\"noopener\">Jazz Club Lyon st-Georges<\/a><\/li>\n<\/ul>\n<p>2019<\/p>\n<ul>\n<li><strong>Samedi 26 janvier :<\/strong> ROMAIN BARET\/ANTOINE GALVANI @ le Filanthrope, Villeurbanne (69)<\/li>\n<li><strong>Jeudi 21 mars, 19h :<\/strong> ROMAIN BARET\/ANTOINE GALVANI @ Le Filanthrope, Villeurbanne (69)<\/li>\n<li><strong>Jeudi 28 mars :<\/strong>\u00a0<a href=\"https:\/\/cheapwinetheband.bandcamp.com\/\">CHEAP WINE<\/a> @ Moskva, Bilina (RTC)<\/li>\n<li><strong>Vendredi 29 mars :<\/strong>\u00a0<a href=\"https:\/\/cheapwinetheband.bandcamp.com\/\">CHEAP WINE<\/a> @ Klubovna, Prague (RTC)<\/li>\n<li><strong>Samedi 30 mars :<\/strong>\u00a0<a href=\"https:\/\/cheapwinetheband.bandcamp.com\/\">CHEAP WINE<\/a> @ JH. Sch\u00f6nau, Mannheim (DE)<\/li>\n<li><strong>Jeudi 9 mai :<\/strong> ANTOINE GALVANI SEXTET @ <a href=\"https:\/\/www.sunset-sunside.com\/2019\/5\/artiste\/3383\/6142\/\" target=\"_blank\" rel=\"noopener\">Sunside Jazz Club<\/a>, Paris<\/li>\n<li><strong>Samedi 11 mai :<\/strong> ANTOINE GALVANI SEXTET @<a href=\"https:\/\/www.facebook.com\/events\/2332419930372293\/\" target=\"_blank\" rel=\"noopener\"> la Grange, Erquery (60)<\/a> (+ conf\u00e9rence de William Blanc)<\/li>\n<li><strong>Samedi 25 mai :<\/strong> LA VIE PRESQUE VECUE DE JOHANNES BRAHMS (et de quelques potes \u00e0 lui) @ Proveysieux (38) (priv\u00e9)<\/li>\n<li><strong>Samedi 10 ao\u00fbt :<\/strong> <a href=\"https:\/\/cheapwinetheband.bandcamp.com\/\">CHEAP WINE<\/a> @ Celebration Days Festival, Cernoy (60)<\/li>\n<li><strong>Vendredi 16 ao\u00fbt :<\/strong> <a href=\"https:\/\/cheapwinetheband.bandcamp.com\/\">CHEAP WINE<\/a> @ La Gare St-Sauveur, Lille (59)<\/li>\n<li><strong>Samedi 26 octobre :<\/strong> <a href=\"https:\/\/cheapwinetheband.bandcamp.com\/\">CHEAP WINE<\/a> @ Le Cirque, Lille (59)<\/li>\n<li><strong>Vendredi 8 novembre :<\/strong> <a href=\"https:\/\/cheapwinetheband.bandcamp.com\/\">CHEAP WINE<\/a> @ Le Ziqodr\u00f4me, Compi\u00e8gne (60)<\/li>\n<\/ul>\n<p>2020<\/p>\n<p>\u00a0<\/p>\n<ul>\n<li><strong>Vendredi 19 juin : <\/strong>Antoine Galvani Jazz Quintet @ le Filanthrope, Villeurbanne<\/li>\n<li><strong>Mercredi 19 ao\u00fbt :<\/strong> <a href=\"cheapwinetheband.bandcamp.com\" target=\"_blank\" rel=\"noopener\" data-cke-saved-href=\"http:\/\/cheapwinetheband.bandcamp.com\">CHEAP WINE<\/a> @ Caramell, Louny (RTC)<\/li>\n<li><strong>Jeudi 20 ao\u00fbt ;<\/strong> <a href=\"cheapwinetheband.bandcamp.com\" target=\"_blank\" rel=\"noopener\" data-cke-saved-href=\"http:\/\/cheapwinetheband.bandcamp.com\">CHEAP WINE<\/a> @ Kafac, Bilina (RTC)<\/li>\n<li><strong>Samedi 22 ao\u00fbt :<\/strong> <a href=\"cheapwinetheband.bandcamp.com\" target=\"_blank\" rel=\"noopener\" data-cke-saved-href=\"http:\/\/cheapwinetheband.bandcamp.com\">CHEAP WINE<\/a> @ STONE SMOKER FESTIVAL, Skalakuv Mlyn (RTC)<\/li>\n<li><strong>Dimanche 23 ao\u00fbt :<\/strong> <a href=\"cheapwinetheband.bandcamp.com\" target=\"_blank\" rel=\"noopener\" data-cke-saved-href=\"http:\/\/cheapwinetheband.bandcamp.com\">CHEAP WINE<\/a> @ Rogalo, Decin (RTC)<\/li>\n<li><strong>Dimanche 23 ao\u00fbt :<\/strong> <a href=\"cheapwinetheband.bandcamp.com\" target=\"_blank\" rel=\"noopener\" data-cke-saved-href=\"http:\/\/cheapwinetheband.bandcamp.com\">CHEAP WINE<\/a> @ Zahradni Dum, Teplice (RTC)<\/li>\n<li><strong>Jeudi 27 ao\u00fbt :<\/strong> Antoine Galvani Jazz Quintet @ <a href=\"https:\/\/www.facebook.com\/events\/627619977893462\" target=\"_blank\" rel=\"noopener\" data-cke-saved-href=\"https:\/\/www.facebook.com\/events\/627619977893462\">la Covagne<\/a>, Morillon (74)<\/li>\n<li><strong>Samedi 10 octobre :<\/strong> <a href=\"cheapwinetheband.bandcamp.com\" target=\"_blank\" rel=\"noopener\" data-cke-saved-href=\"http:\/\/cheapwinetheband.bandcamp.com\">CHEAP WINE<\/a> @ la Grange \u00e0 Musique, Creil (60) &#8211; Schr\u00f6dinger&rsquo;s Pipe release !<\/li>\n<li><strong>Vendredi 16 octobre :<\/strong> Sextet and the City @ la Ferme \u00e0 Jazz, Bourg-en-Bresse (01)<\/li>\n<\/ul>\n<p>2021<\/p>\n<ul>\n<li><strong>Vendredi 7 mai :<\/strong> <a title=\"La Grande Radio\" href=\"http:\/\/www.ahntuan.fr\/?page_id=514\">LA GRANDE RADIO<\/a> @ le TNP occup\u00e9, Villeurbanne<\/li>\n<li><strong>Samedi 12 juin :<\/strong> Le Big Band de l&rsquo;Ouest @ Espace Mont d&rsquo;Or, Champagne au Mont d&rsquo;Or<\/li>\n<li><strong>Jeudi 17 juin, 18h30 :<\/strong> duo en streaming avec Gr\u00e9gory Sallet<\/li>\n<li><strong>Lundi 21 juin, 12h :<\/strong> LIVE en streaming depuis l&rsquo;<a href=\"http:\/\/www.improvidence.fr\" target=\"_blank\" rel=\"noopener\" data-cke-saved-href=\"http:\/\/www.improvidence.fr\">Improvidence<\/a> de Lyon (chansons improvis\u00e9es, avec <a href=\"https:\/\/www.lesbanditsmanchots.net\/\" target=\"_blank\" rel=\"noopener\" data-cke-saved-href=\"https:\/\/www.lesbanditsmanchots.net\/\">Les Bandits Manchots<\/a>)<\/li>\n<li><strong>Lundi 21 juin, 19h :<\/strong> duo avec Gr\u00e9gory Sallet @ <a href=\"https:\/\/lefilanthrope.fr\/\" target=\"_blank\" rel=\"noopener\">le Filanthrope<\/a>, Villeurbanne (69)<\/li>\n<li><strong>Mercredi 14 juillet, 19h :<\/strong> duo avec Hugo Afettouche @ <a href=\"https:\/\/lefilanthrope.fr\/\" target=\"_blank\" rel=\"noopener\">le Filanthrope<\/a>, Villeurbanne (69)<\/li>\n<li><strong>Mercredi 21 juillet :<\/strong> Sextet and the City @ le P\u00e9riscope, Lyon<\/li>\n<li><strong>Vendredi 23 juillet, 19h :<\/strong> duo avec Felipe Silva Mena @ <a href=\"https:\/\/lefilanthrope.fr\/\" target=\"_blank\" rel=\"noopener\">le Filanthrope<\/a>, Villeurbanne (69)<\/li>\n<li><strong>Vendredi 13 ao\u00fbt, 19h :<\/strong> piano solo @ <a href=\"https:\/\/lefilanthrope.fr\/\" target=\"_blank\" rel=\"noopener\">le Filanthrope<\/a>, Villeurbanne (69)<\/li>\n<li><strong>Vendredi 20 ao\u00fbt, 19h :<\/strong> Romain Baret Trio + @ <a href=\"https:\/\/lefilanthrope.fr\/\" target=\"_blank\" rel=\"noopener\">le Filanthrope<\/a>, Villeurbanne (69)<\/li>\n<li><strong>Jeudi 26 ao\u00fbt :<\/strong> Sextet and the City @ Jazz \u00e0 St-Seine, St-Seine-sur-Vingeanne (21)<\/li>\n<li><strong>Vendredi 27 ao\u00fbt :<\/strong> Sextet and the City @ Mairie, Beire-le-Ch\u00e2tel (21)<\/li>\n<li><strong>Samedi 18 septembre :<\/strong> <a href=\"cheapwinetheband.bandcamp.com\" target=\"_blank\" rel=\"noopener\" data-cke-saved-href=\"http:\/\/cheapwinetheband.bandcamp.com\">CHEAP WINE<\/a> @ Picardie For Ever, Bitry (60)<\/li>\n<li><strong>Samedi 2 octobre, 17h :<\/strong> <a title=\"Effigies\" href=\"http:\/\/www.ahntuan.fr\/?page_id=529\">EFFIGIES<\/a> \u00e0 Duerne (69), F\u00eate de l&rsquo;Agriculture Paysanne<\/li>\n<li><strong>Mercredi 6 octobre,19h30 :<\/strong> <a title=\"La vie presque v\u00e9cue de Johannes Brahms (et de quelques potes \u00e0 lui)\" href=\"http:\/\/www.ahntuan.fr\/?page_id=490\" target=\"_blank\" rel=\"noopener\">LA VIE PRESQUE VECUE DE JOHANNES BRAHMS (et de quelques potes \u00e0 lui)<\/a> @ <a href=\"http:\/\/mdle.over-blog.com\/\" target=\"_blank\" rel=\"noopener\">Les Mercredis dans la Grange<\/a>, Grange Michal, Gi\u00e8res (38) Entr\u00e9e 12\u20ac\/7\u20ac r\u00e9servation conseill\u00e9e<\/li>\n<li><strong>Vendredi 8 octobre, 18h30 :<\/strong> <a title=\"Effigies\" href=\"http:\/\/www.ahntuan.fr\/?page_id=529\">EFFIGIES<\/a> \u00e0 l&rsquo;EsSor, Espace des Solidarit\u00e9s et des Rencontres &#8211; Lyon 8\u00e8 (gratuit)<\/li>\n<li><strong>Mercredi 13 octobre,14h30 :<\/strong> <a title=\"Effigies\" href=\"http:\/\/www.ahntuan.fr\/?page_id=529\">EFFIGIES<\/a>, Chapiteau Social Palace, Parking Cap Vaise, Lyon 9\u00e8 (gratuit)<\/li>\n<li><strong>Mercredi 13 octobre, 20h :<\/strong> <a title=\"Effigies\" href=\"http:\/\/www.ahntuan.fr\/?page_id=529\">EFFIGIES<\/a>, FJT R\u00e9sidence Yves Chauvin, Villeurbanne (gratuit)<\/li>\n<li><strong>Jeudi 14 octobre, 19h :<\/strong> <a title=\"Effigies\" href=\"http:\/\/www.ahntuan.fr\/?page_id=529\">EFFIGIES<\/a>, La MIETE, Villeurbanne (gratuit)<\/li>\n<li><strong>Lundi 1er novembre, 18h30 :<\/strong> sortie de l&rsquo;EPK vid\u00e9o de <a title=\"La Grande Radio\" href=\"http:\/\/www.ahntuan.fr\/?page_id=514\">LA GRANDE RADIO<\/a> : \u00e0 suivre en direct, abonnez-vous \u00e0 <a href=\"https:\/\/bit.ly\/YoutubeAntoineGalvani\" target=\"_blank\" rel=\"noopener\">ma cha\u00eene Youtube<\/a> !<\/li>\n<li><strong>Samedi 4 d\u00e9cembre :<\/strong> <a title=\"La Grande Radio\" href=\"http:\/\/www.ahntuan.fr\/?page_id=514\">LA GRANDE RADIO<\/a> au <a href=\"https:\/\/www.hotclubjazzlyon.com\/\" target=\"_blank\" rel=\"noopener\">Hot Club de Lyon<\/a>, rue Lanterne<\/li>\n<\/ul>\n<p>2022<\/p>\n<ul>\n<li><strong>Dimanche 6 f\u00e9vrier, 19h :<\/strong> duo Baret\/Galvani au Filanthrope, Villeurbanne<\/li>\n<li><strong>Samedi 9 avril, 20h45 :<\/strong> <a href=\"http:\/\/www.ahntuan.fr\/?page_id=363\">CHEAP WINE<\/a> \u00e0 la Mannekine, Pont-ste-Maxence (60) (+ KO KO MO) <a href=\"https:\/\/www.facebook.com\/events\/671900387261765\/?ref=newsfeed\" target=\"_blank\" rel=\"noopener\">Ev\u00e8nement Facebook<\/a><\/li>\n<li><strong>Samedi 16 avril, 21h : <\/strong>La Vie des Autres au Domaine de Chatonnay (38)<\/li>\n<li><strong>Vendredi 13 mai, 20h :<\/strong> <a href=\"http:\/\/laparlote.org\/ophelie-19-conte-au-telephone\/\" target=\"_blank\" rel=\"noopener\">Oph\u00e9lie-21<\/a> au Th\u00e9\u00e2tre Ste-Marie-d&rsquo;en-Bas, Grenoble (38) <a href=\"https:\/\/musiques-nomades.fr\/agenda\/ophelie-21-cie-la-parlotte\">R\u00e9servations<\/a><\/li>\n<li><strong>Mercredi 8 juin, 16h : <\/strong>Antoine Galvani Jazz Trio au Parc des Droits de l&rsquo;Homme, Villeurbanne (dans le cadre de la journ\u00e9e \u00ab\u00a0De l&rsquo;assiette \u00e0 l&rsquo;Assembl\u00e9e\u00a0\u00bb &#8211; campagne \u00ab\u00a0NUPES\u00a0\u00bb)<\/li>\n<li><strong>Jeudi 16 juin et vendredi 17 juin, 19h :<\/strong> <a href=\"http:\/\/www.ahntuan.fr\/?page_id=363\">CHEAP WINE<\/a> au Filanthrope, Villeurbanne (69) <a href=\"https:\/\/www.facebook.com\/events\/381367910323508\/?acontext=%7B%22event_action_history%22%3A[%7B%22extra_data%22%3A%22%22%2C%22mechanism%22%3A%22left_rail%22%2C%22surface%22%3A%22bookmark%22%7D%2C%7B%22extra_data%22%3A%22%22%2C%22mechanism%22%3A%22surface%22%2C%22surface%22%3A%22create_dialog%22%7D]%2C%22ref_notif_type%22%3Anull%7D\" target=\"_blank\" rel=\"noopener\">Ev\u00e8nement Facebook<\/a><\/li>\n<li><strong>Jeudi 23 juin, 20h30 :<\/strong> duo Baptistine Mortier\/Antoine Galvani &#8211; \u00e9glise Notre-Dame-des-Vignes, Sassenage (38)<\/li>\n<li><strong>Samedi 2 juillet, 20h30 :<\/strong> ensemble vocal DUODECIM (dir. Baptistine Mortier) \u00e9glise de Lans-en-Vercors (38)<\/li>\n<li><strong>Dimanche 3 juillet, 18h :<\/strong> ensemble vocal DUODECIM (dir. Baptistine Mortier), temple protestant &#8211; rue H\u00e9bert, Grenoble<\/li>\n<li><strong>Jeudi 14 juillet, 19h :<\/strong> <a href=\"http:\/\/www.ahntuan.fr\/?page_id=514\">LA GRANDE RADIO<\/a> au Filanthrope, Villeurbanne (69) <a href=\"https:\/\/www.facebook.com\/events\/729217298092165\/?acontext=%7B%22event_action_history%22%3A[%7B%22extra_data%22%3A%22%22%2C%22mechanism%22%3A%22page_admin_bar%22%2C%22surface%22%3A%22page%22%7D%2C%7B%22extra_data%22%3A%22%22%2C%22mechanism%22%3A%22events_admin_tool%22%2C%22surface%22%3A%22events_admin_tool%22%7D%2C%7B%22extra_data%22%3A%22%22%2C%22mechanism%22%3A%22surface%22%2C%22surface%22%3A%22create_dialog%22%7D]%2C%22ref_notif_type%22%3Anull%7D\" target=\"_blank\" rel=\"noopener\">Ev\u00e8nement Facebook<\/a><\/li>\n<li><strong>Lundi 25 juillet :<\/strong> <a href=\"http:\/\/www.ahntuan.fr\/?page_id=490\">La Vie presque V\u00e9cue de Johannes Brahms (et de quelques potes \u00e0 lui)<\/a>, Restaurant \u00ab\u00a0la Cerise sur l&rsquo;Agneau\u00a0\u00bb, SCOP Ardelaine, St-Pierreville (07)<\/li>\n<li><strong>Vendredi 5 ao\u00fbt :<\/strong> <a href=\"http:\/\/www.ahntuan.fr\/?page_id=363\">CHEAP WINE<\/a> au Celebration Days Festival, Cernoy (60) &#8211; <a href=\"https:\/\/www.facebook.com\/events\/1360531287790742?ref=newsfeed\" target=\"_blank\" rel=\"noopener\">\u00c9v\u00e8nement Facebook<\/a><\/li>\n<li><strong>Dimanche 25 septembre<\/strong><strong>, 18h :<\/strong> <a href=\"http:\/\/www.ahntuan.fr\/?page_id=490\">La Vie presque V\u00e9cue de Johannes Brahms (et de quelques potes \u00e0 lui)<\/a> aux Concerts Endimanch\u00e9s (23 rue de Flesselles, Lyon) &#8211; <a href=\"https:\/\/fb.me\/e\/6yUSPPWMh\" target=\"_blank\" rel=\"noopener\">\u00e9v\u00e8nement Facebook<\/a><\/li>\n<\/ul>\n\n\n<p><\/p>\n","protected":false},"excerpt":{"rendered":"<p>2016 Dimanche 3 juillet, 17h : AHN TUAN SOLO @ La Grange, Le Percy (38) (FESTIVAL PIANO EN TRIEVES)Jeudi 7 juillet : AHN TUAN NEW QUARTET @ Mir\u00e9 (49) (SAVEURS JAZZ FESTIVAL)Vendredi 8 juillet : AHN TUAN NEW QUARTET @ St-Augustin-des-Bois (SAVEURS JAZZ FESTIVAL)Samedi 9 juillet : CHEAP WINE @ Alligator Club, Poznan (POL)Dimanche 10 [&hellip;]<\/p>\n","protected":false},"author":1,"featured_media":0,"parent":367,"menu_order":0,"comment_status":"open","ping_status":"open","template":"","meta":[],"_links":{"self":[{"href":"http:\/\/www.ahntuan.fr\/index.php?rest_route=\/wp\/v2\/pages\/417"}],"collection":[{"href":"http:\/\/www.ahntuan.fr\/index.php?rest_route=\/wp\/v2\/pages"}],"about":[{"href":"http:\/\/www.ahntuan.fr\/index.php?rest_route=\/wp\/v2\/types\/page"}],"author":[{"embeddable":true,"href":"http:\/\/www.ahntuan.fr\/index.php?rest_route=\/wp\/v2\/users\/1"}],"replies":[{"embeddable":true,"href":"http:\/\/www.ahntuan.fr\/index.php?rest_route=%2Fwp%2Fv2%2Fcomments&post=417"}],"version-history":[{"count":26,"href":"http:\/\/www.ahntuan.fr\/index.php?rest_route=\/wp\/v2\/pages\/417\/revisions"}],"predecessor-version":[{"id":715,"href":"http:\/\/www.ahntuan.fr\/index.php?rest_route=\/wp\/v2\/pages\/417\/revisions\/715"}],"up":[{"embeddable":true,"href":"http:\/\/www.ahntuan.fr\/index.php?rest_route=\/wp\/v2\/pages\/367"}],"wp:attachment":[{"href":"http:\/\/www.ahntuan.fr\/index.php?rest_route=%2Fwp%2Fv2%2Fmedia&parent=417"}],"curies":[{"name":"wp","href":"https:\/\/api.w.org\/{rel}","templated":true}]}}