{"id":478,"date":"2019-01-16T18:28:09","date_gmt":"2019-01-16T17:28:09","guid":{"rendered":"http:\/\/www.ahntuan.fr\/?page_id=478"},"modified":"2019-01-16T18:28:09","modified_gmt":"2019-01-16T17:28:09","slug":"antoine-galvani-sextet","status":"publish","type":"page","link":"http:\/\/www.ahntuan.fr\/?page_id=478","title":{"rendered":"Antoine Galvani Sextet"},"content":{"rendered":"<p><iframe loading=\"lazy\" title=\"L&#039;\u00e8re de la musique libre (teaser)\" width=\"500\" height=\"281\" src=\"https:\/\/www.youtube.com\/embed\/UDzhSNvZ4b4?feature=oembed\" frameborder=\"0\" allow=\"accelerometer; autoplay; clipboard-write; encrypted-media; gyroscope; picture-in-picture\" allowfullscreen><\/iframe><\/p>\n<p><strong>N\u00e9 le :<\/strong> 11\/08\/2018 (concert au Celebration Days Festival, Cernoy (60))<\/p>\n<p><strong>Style :<\/strong> jazz sur\u00e9pique.<\/p>\n<p><strong>Formation :<\/strong><\/p>\n<ul>\n<li>Maxime Berton, Gr\u00e9gory Sallet, Pierre-Marie Lapprand (choisir 2 sur 3) : saxophones<\/li>\n<li>Arthur Henn : contrebasse<\/li>\n<li>Baptiste Castets : batterie<\/li>\n<li>Antoine Galvani : piano, composition<\/li>\n<\/ul>\n<p><strong>\u00ab\u00a0L&rsquo;\u00e8re de la musique libre\u00a0\u00bb<br \/>\n<\/strong><\/p>\n<p>Ecriture conceptuelle partie d&rsquo;une r\u00e9flexion toute b\u00eate : est-ce que la musique libre existe ? Peut-on s&rsquo;affranchir de tous les codes et \u00e9crire de mani\u00e8re r\u00e9ellement libre, sans m\u00e9trique fixe, sans chemin harmonique convenu, sans se pr\u00e9occuper d&rsquo;o\u00f9 va la m\u00e9lodie ? Peut-on laisser libre cours \u00e0 l&rsquo;imagination de musiciens, fussent-ils talentueux ? La r\u00e9ponse donn\u00e9e par Antoine Galvani et son \u00e9quipe est une sorte de Mr Bungle sous acide qui aurait pris le th\u00e9 avec Brad Mehldau.<\/p>\n<p>&nbsp;<\/p>\n<p><iframe loading=\"lazy\" title=\"L&#039;\u00e8re de la musique libre : Emport\u00e9 par la Brise (live)\" width=\"500\" height=\"281\" src=\"https:\/\/www.youtube.com\/embed\/cbp3RHs3jWQ?feature=oembed\" frameborder=\"0\" allow=\"accelerometer; autoplay; clipboard-write; encrypted-media; gyroscope; picture-in-picture\" allowfullscreen><\/iframe><\/p>\n<p style=\"text-align: center;\"><strong>BIO<\/strong><\/p>\n<p>Parall\u00e8lement \u00e0 la sortie de \u00ab\u00a0Suite Astrale\u00a0\u00bb Antoine Galvani prenait des envies de plus gros plus lourd plus fort plus \u00e9pique. Il s&rsquo;enferme pendant 2 semaines dans une montagne et \u00e9crit 12 morceaux autour d&rsquo;un m\u00eame motif, calibr\u00e9s sur mesures pour sa nouvelle formation. Cette musique \u00e0 la fois plus \u00e9crite, plus riche que ses pr\u00e9c\u00e9dents albums, mais laissant \u00e9galement de grandes plages de libert\u00e9, sera travaill\u00e9e en groupe pendant 2 semaines de r\u00e9sidence \u00e0 la grange d&rsquo;Erquery (dans l&rsquo;Oise) avant de voir le jour dans le tr\u00e8s rock \u00ab\u00a0Celebration Days Festival\u00a0\u00bb en ao\u00fbt 2018.<\/p>\n<p><iframe loading=\"lazy\" title=\"L&#039;\u00e8re de la musique libre : Cr\u00e9ativit\u00e9 R\u00e9gressive\" width=\"500\" height=\"281\" src=\"https:\/\/www.youtube.com\/embed\/YARmdzcuBkQ?feature=oembed\" frameborder=\"0\" allow=\"accelerometer; autoplay; clipboard-write; encrypted-media; gyroscope; picture-in-picture\" allowfullscreen><\/iframe><\/p>\n","protected":false},"excerpt":{"rendered":"<p>N\u00e9 le : 11\/08\/2018 (concert au Celebration Days Festival, Cernoy (60)) Style : jazz sur\u00e9pique. Formation : Maxime Berton, Gr\u00e9gory Sallet, Pierre-Marie Lapprand (choisir 2 sur 3) : saxophones Arthur Henn : contrebasse Baptiste Castets : batterie Antoine Galvani : piano, composition \u00ab\u00a0L&rsquo;\u00e8re de la musique libre\u00a0\u00bb Ecriture conceptuelle partie d&rsquo;une r\u00e9flexion toute b\u00eate : [&hellip;]<\/p>\n","protected":false},"author":1,"featured_media":0,"parent":10,"menu_order":0,"comment_status":"open","ping_status":"open","template":"","meta":[],"_links":{"self":[{"href":"http:\/\/www.ahntuan.fr\/index.php?rest_route=\/wp\/v2\/pages\/478"}],"collection":[{"href":"http:\/\/www.ahntuan.fr\/index.php?rest_route=\/wp\/v2\/pages"}],"about":[{"href":"http:\/\/www.ahntuan.fr\/index.php?rest_route=\/wp\/v2\/types\/page"}],"author":[{"embeddable":true,"href":"http:\/\/www.ahntuan.fr\/index.php?rest_route=\/wp\/v2\/users\/1"}],"replies":[{"embeddable":true,"href":"http:\/\/www.ahntuan.fr\/index.php?rest_route=%2Fwp%2Fv2%2Fcomments&post=478"}],"version-history":[{"count":2,"href":"http:\/\/www.ahntuan.fr\/index.php?rest_route=\/wp\/v2\/pages\/478\/revisions"}],"predecessor-version":[{"id":716,"href":"http:\/\/www.ahntuan.fr\/index.php?rest_route=\/wp\/v2\/pages\/478\/revisions\/716"}],"up":[{"embeddable":true,"href":"http:\/\/www.ahntuan.fr\/index.php?rest_route=\/wp\/v2\/pages\/10"}],"wp:attachment":[{"href":"http:\/\/www.ahntuan.fr\/index.php?rest_route=%2Fwp%2Fv2%2Fmedia&parent=478"}],"curies":[{"name":"wp","href":"https:\/\/api.w.org\/{rel}","templated":true}]}}