{"id":514,"date":"2021-05-23T17:16:53","date_gmt":"2021-05-23T16:16:53","guid":{"rendered":"http:\/\/www.ahntuan.fr\/?page_id=514"},"modified":"2022-04-09T10:55:57","modified_gmt":"2022-04-09T09:55:57","slug":"la-grande-radio","status":"publish","type":"page","link":"http:\/\/www.ahntuan.fr\/?page_id=514","title":{"rendered":"La Grande Radio"},"content":{"rendered":"<p><iframe loading=\"lazy\" title=\"La Grande Radio - Airbag\" width=\"500\" height=\"281\" src=\"https:\/\/www.youtube.com\/embed\/R1gaI4gfRiw?feature=oembed\" frameborder=\"0\" allow=\"accelerometer; autoplay; clipboard-write; encrypted-media; gyroscope; picture-in-picture\" allowfullscreen><\/iframe><\/p>\n<p><strong>N\u00e9e le :<\/strong> 7 mai 2021 (concert devant le TNP occup\u00e9 de Villeurbanne)<\/p>\n<p><strong>Style :<\/strong> jazz rock<\/p>\n<p><strong>Formation :<\/strong><\/p>\n<ul>\n<li>Jean-Alain Boissy (sax t\u00e9nor, fl\u00fbte)<\/li>\n<li>Gr\u00e9gory Sallet (sax soprano, sax alto)<\/li>\n<li>Hugo Afettouche (sax soprano, sax t\u00e9nor)<\/li>\n<li>Thibault Galloy (sax alto, sax baryton)<\/li>\n<li>Aur\u00e9lien Joly (trompette)<\/li>\n<li>R2mi Flambard (trompette)<\/li>\n<li>Guillaume Pluton (trompette)<\/li>\n<li>Simon Girard (trombone)<\/li>\n<li>Gr\u00e9gory Julliard (trombone)<\/li>\n<li>Michel Molines (contrebasse)<\/li>\n<li>Zaza Desiderio (batterie)<\/li>\n<li>Antoine Galvani (piano, arrangements)<\/li>\n<li>Radiohead (compositions)<\/li>\n<\/ul>\n<p><img loading=\"lazy\" class=\"size-large wp-image-555 alignleft\" src=\"http:\/\/www.ahntuan.fr\/wp-content\/uploads\/LGR-mosaique-449x304.png\" alt=\"La Grande Radio\" width=\"449\" height=\"304\" \/><\/p>\n<p>La Grande Radio n&rsquo;est pas un groupe \u00ab\u00a0hommage\u00a0\u00bb \u00e0 proprement parler. Pourquoi rendre hommage \u00e0 un groupe en activit\u00e9 ? C&rsquo;est bien un projet de cr\u00e9ation originale, o\u00f9 la musique de Radiohead sert juste de pr\u00e9texte, de canevas, de support. Les chansons sont d\u00e9construites, distordues, diss\u00e9qu\u00e9es, autopsi\u00e9es, \u00e9parpill\u00e9es fa\u00e7on puzzle avant d&rsquo;\u00eatre plus ou moins grossi\u00e8rement recoll\u00e9es avec de la mauvaise colle et de la fantaisie. Pour \u00eatre enfin livr\u00e9es avec une bonne dose de soufflerie bien cuivr\u00e9es, port\u00e9e par 12 musiciens au coeur tendre et au geste clair.<\/p>\n<p>In\u00e9dit et pourtant d\u00e9j\u00e0 entendu.<\/p>\n<p><iframe loading=\"lazy\" title=\"La Grande Radio - Knives Out (live)\" width=\"500\" height=\"281\" src=\"https:\/\/www.youtube.com\/embed\/KeEtyjTzizk?feature=oembed\" frameborder=\"0\" allow=\"accelerometer; autoplay; clipboard-write; encrypted-media; gyroscope; picture-in-picture\" allowfullscreen><\/iframe><\/p>\n","protected":false},"excerpt":{"rendered":"<p>N\u00e9e le : 7 mai 2021 (concert devant le TNP occup\u00e9 de Villeurbanne) Style : jazz rock Formation : Jean-Alain Boissy (sax t\u00e9nor, fl\u00fbte) Gr\u00e9gory Sallet (sax soprano, sax alto) Hugo Afettouche (sax soprano, sax t\u00e9nor) Thibault Galloy (sax alto, sax baryton) Aur\u00e9lien Joly (trompette) R2mi Flambard (trompette) Guillaume Pluton (trompette) Simon Girard (trombone) Gr\u00e9gory [&hellip;]<\/p>\n","protected":false},"author":1,"featured_media":0,"parent":10,"menu_order":1,"comment_status":"open","ping_status":"open","template":"","meta":[],"_links":{"self":[{"href":"http:\/\/www.ahntuan.fr\/index.php?rest_route=\/wp\/v2\/pages\/514"}],"collection":[{"href":"http:\/\/www.ahntuan.fr\/index.php?rest_route=\/wp\/v2\/pages"}],"about":[{"href":"http:\/\/www.ahntuan.fr\/index.php?rest_route=\/wp\/v2\/types\/page"}],"author":[{"embeddable":true,"href":"http:\/\/www.ahntuan.fr\/index.php?rest_route=\/wp\/v2\/users\/1"}],"replies":[{"embeddable":true,"href":"http:\/\/www.ahntuan.fr\/index.php?rest_route=%2Fwp%2Fv2%2Fcomments&post=514"}],"version-history":[{"count":6,"href":"http:\/\/www.ahntuan.fr\/index.php?rest_route=\/wp\/v2\/pages\/514\/revisions"}],"predecessor-version":[{"id":559,"href":"http:\/\/www.ahntuan.fr\/index.php?rest_route=\/wp\/v2\/pages\/514\/revisions\/559"}],"up":[{"embeddable":true,"href":"http:\/\/www.ahntuan.fr\/index.php?rest_route=\/wp\/v2\/pages\/10"}],"wp:attachment":[{"href":"http:\/\/www.ahntuan.fr\/index.php?rest_route=%2Fwp%2Fv2%2Fmedia&parent=514"}],"curies":[{"name":"wp","href":"https:\/\/api.w.org\/{rel}","templated":true}]}}