{"id":529,"date":"2021-10-02T09:27:26","date_gmt":"2021-10-02T08:27:26","guid":{"rendered":"http:\/\/www.ahntuan.fr\/?page_id=529"},"modified":"2021-10-02T09:27:26","modified_gmt":"2021-10-02T08:27:26","slug":"effigies","status":"publish","type":"page","link":"http:\/\/www.ahntuan.fr\/?page_id=529","title":{"rendered":"Effigies"},"content":{"rendered":"<p><a href=\"http:\/\/www.ahntuan.fr\/wp-content\/uploads\/Photo-1.jpg\"><img loading=\"lazy\" class=\"wp-image-531 alignleft\" src=\"http:\/\/www.ahntuan.fr\/wp-content\/uploads\/Photo-1.jpg\" alt=\"Photo 1\" width=\"289\" height=\"386\" \/><\/a><strong>N\u00e9 le :<\/strong> 02\/10\/2021 (F\u00eate de l&rsquo;Agriculture Paysanne \u00e0 Duerne)<\/p>\n<p><strong>Style :<\/strong> danse contemporaine<\/p>\n<p><strong>Formation :<\/strong><\/p>\n<ul>\n<li>Sophie Verrez : danse<\/li>\n<li>Antoine Galvani : piano, textes, composition<\/li>\n<\/ul>\n<p>Sous l&rsquo;impulsion d&rsquo;un \u00ab\u00a0panier artistique\u00a0\u00bb de l&rsquo;association \u00ab\u00a0Ouvrir l&rsquo;Horizon en Auvergne Rh\u00f4ne-Alpes\u00a0\u00bb, Antoine et Sophie cr\u00e9ent un duo \u00e9ph\u00e9m\u00e8re pour un spectacle court jou\u00e9 dans des lieux improbables.<\/p>\n<p>En musique et en mouvement ils r\u00e9alisent 5 portraits de femmes qui comptent dans l&rsquo;Histoire.<\/p>\n","protected":false},"excerpt":{"rendered":"<p>N\u00e9 le : 02\/10\/2021 (F\u00eate de l&rsquo;Agriculture Paysanne \u00e0 Duerne) Style : danse contemporaine Formation : Sophie Verrez : danse Antoine Galvani : piano, textes, composition Sous l&rsquo;impulsion d&rsquo;un \u00ab\u00a0panier artistique\u00a0\u00bb de l&rsquo;association \u00ab\u00a0Ouvrir l&rsquo;Horizon en Auvergne Rh\u00f4ne-Alpes\u00a0\u00bb, Antoine et Sophie cr\u00e9ent un duo \u00e9ph\u00e9m\u00e8re pour un spectacle court jou\u00e9 dans des lieux improbables. En [&hellip;]<\/p>\n","protected":false},"author":1,"featured_media":0,"parent":10,"menu_order":3,"comment_status":"open","ping_status":"open","template":"","meta":[],"_links":{"self":[{"href":"http:\/\/www.ahntuan.fr\/index.php?rest_route=\/wp\/v2\/pages\/529"}],"collection":[{"href":"http:\/\/www.ahntuan.fr\/index.php?rest_route=\/wp\/v2\/pages"}],"about":[{"href":"http:\/\/www.ahntuan.fr\/index.php?rest_route=\/wp\/v2\/types\/page"}],"author":[{"embeddable":true,"href":"http:\/\/www.ahntuan.fr\/index.php?rest_route=\/wp\/v2\/users\/1"}],"replies":[{"embeddable":true,"href":"http:\/\/www.ahntuan.fr\/index.php?rest_route=%2Fwp%2Fv2%2Fcomments&post=529"}],"version-history":[{"count":1,"href":"http:\/\/www.ahntuan.fr\/index.php?rest_route=\/wp\/v2\/pages\/529\/revisions"}],"predecessor-version":[{"id":532,"href":"http:\/\/www.ahntuan.fr\/index.php?rest_route=\/wp\/v2\/pages\/529\/revisions\/532"}],"up":[{"embeddable":true,"href":"http:\/\/www.ahntuan.fr\/index.php?rest_route=\/wp\/v2\/pages\/10"}],"wp:attachment":[{"href":"http:\/\/www.ahntuan.fr\/index.php?rest_route=%2Fwp%2Fv2%2Fmedia&parent=529"}],"curies":[{"name":"wp","href":"https:\/\/api.w.org\/{rel}","templated":true}]}}