{"id":6,"date":"2014-10-19T18:26:27","date_gmt":"2014-10-19T17:26:27","guid":{"rendered":"http:\/\/www.ahntuan.fr\/?page_id=6"},"modified":"2022-09-12T14:04:44","modified_gmt":"2022-09-12T13:04:44","slug":"bio","status":"publish","type":"page","link":"http:\/\/www.ahntuan.fr\/?page_id=6","title":{"rendered":"Biographie"},"content":{"rendered":"<p><a href=\"http:\/\/www.ahntuan.fr\/wp-content\/uploads\/Antoine-Galvani-Sunset-2014.jpg\"><img loading=\"lazy\" class=\"size-large wp-image-433 alignleft\" src=\"http:\/\/www.ahntuan.fr\/wp-content\/uploads\/Antoine-Galvani-Sunset-2014-449x304.jpg\" alt=\"Antoine Galvani - Sunset 2014\" width=\"449\" height=\"304\"><\/a><\/p>\n<h1><\/h1>\n<h1><\/h1>\n<h1><\/h1>\n<h1><\/h1>\n<h1><\/h1>\n<h1><\/h1>\n<h1><\/h1>\n<h1><\/h1>\n<p>Pendant (trop) longtemps, Antoine Galvani a pr\u00e9tendu s&rsquo;appeler Ahn Tuan et a m\u00eame os\u00e9 sortir plusieurs albums sous ce nom. Un t\u00e9moignage anonyme est alors paru dans un faux journal. Si Galvani est plus ou moins revenu \u00e0 la raison aujourd&rsquo;hui (il a d\u00e9clar\u00e9 ceci en janvier 2017 : \u00ab\u00a0<em>Fatigu\u00e9 par la situation au Moyen-Orient et celle de son appartement lyonnais, <a class=\"profileLink\" href=\"https:\/\/www.facebook.com\/ahntuanestmegalo\" data-hovercard=\"\/ajax\/hovercard\/user.php?id=100001938428648\" data-hovercard-prefer-more-content-show=\"1\">Ahn Tuan<\/a> a d\u00e9cid\u00e9 de prendre une retraite pour r\u00e9fl\u00e9chir \u00e0 la politique mondiale et \u00e9crire son autobiographie. Il m&rsquo;a choisi pour assurer la p\u00e9rennit\u00e9 de ses travaux en cours et sa succession en tant qu&rsquo;\u00e9lectron libre m\u00e9galomane du paysage artistique. \u00ab\u00a0Je reviendrai\u00a0\u00bb a-t-il promis, et je sais mieux que quiconque ce que valent ses promesses, alors croyez-moi vous pouvez compter l\u00e0-dessus, avec ou sans second degr\u00e9. <\/em><br \/>\n<em> C&rsquo;est avec s\u00e9rieux et enthousiasme que je reprend le flambeau de la chandelle, et non sans une certaine fiert\u00e9 que j&rsquo;apposerai mon nom sur la pochette d&rsquo;un petit album sans envergure nomm\u00e9 Suite Astrale avant de m&rsquo;attaquer \u00e0 de vrais projets s\u00e9rieux. Ahn Tuan communiquera lui-m\u00eame sur sa d\u00e9cision tr\u00e8s prochainement, ou plus tard<\/em>\u00ab\u00a0), il n&rsquo;y a pas eu \u00e0 notre connaissance de publication plus pertinente sur sa vie que celle-ci :<\/p>\n<h1>La Biographie non-officielle d&rsquo;Ahn Tuan<\/h1>\n<p>&nbsp;<\/p>\n<p><img src=\"https:\/\/kkbb-production.s3.amazonaws.com\/uploads\/project_image\/image\/80007\/ahntuan_flou_hd.JPG\" alt=\"Ahntuan_flou_hd\"><\/p>\n<p><em>\u00ab\u00a0Contrairement \u00e0 ce qu&rsquo;il pr\u00e9tend, Ahn Tuan n&rsquo;est pas n\u00e9 au VietNam il y a environ 25 ans, mais au milieu des ann\u00e9es 80 \u00e0 Grenoble, il s&rsquo;appelle dans la r\u00e9alit\u00e9 Antoine Galvani et c&rsquo;est entre 4 montagnes et non dans une rizi\u00e8re qu&rsquo;il apprend le piano d&rsquo;abord classique puis un peu moins. Surpassionn\u00e9, il \u00e9tudie assez s\u00e9rieusement la question pianistique ainsi que la composition l\u00e0 o\u00f9 on veut bien lui apprendre : aux Conservatoires de Grenoble et Chamb\u00e9ry, \u00e0 la fac de musicologie de Grenoble tout en surmultipliant les projets musicaux, dans le rock, la pop, le jazz et la musique classique.<\/em><\/p>\n<p><em><img src=\"https:\/\/kkbb-production.s3.amazonaws.com\/uploads\/project_image\/image\/80008\/ahn_tuan_guitare.JPG\" alt=\"Ahn_tuan_guitare\"><\/em><\/p>\n<p><em>C&rsquo;est au d\u00e9but des ann\u00e9es 2000 que son cerveau vrille litt\u00e9ralement, qu&rsquo;il commence \u00e0 pr\u00e9tendre s&rsquo;appeler Ahn Tuan NGalavi, s&rsquo;invente une vie dont la biographie change au jour le jour et multiplie les acc\u00e8s de m\u00e9galomanie outranci\u00e8re. Schizophr\u00e9nie caract\u00e9ris\u00e9e ou calcul commercial, nul ne sait, toujours est-il que plusieurs projets voient le jour sous ce nom d&#8217;emprunt. C&rsquo;est d&rsquo;abord Shinda&rsquo;n&rsquo;Tuan, groupe \u00ab\u00a0easy pop\u00a0\u00bb avec lequel il sort un EP live puis un album, puis le Ahn Tuan Trio, embryon du projet qui nous concerne aujourd&rsquo;hui dont la formule va \u00e9voluer au fil des jours. Ce faisant, on peut voir le nom d&rsquo;Ahn Tuan en featuring ici ou l\u00e0, avec le chanteur folk Johan Delvarre ou avec le groupe de m\u00e9tal prog Symetry. Il \u00e9crit beaucoup, \u00e9norm\u00e9ment, pour pas mal de gens diff\u00e9rents, alternativement sous ses deux noms selon une logique qu&rsquo;il est le seul \u00e0 connaitre si tant est qu&rsquo;elle existe. Sa formation musicale se termine au Centre des Musiques Didier Lockwood, en r\u00e9gion parisienne, o\u00f9 il re\u00e7oit les enseignements de Benoit Sourisse et Andr\u00e9 Charlier, ainsi que Bojan Z, Baptiste Trotignon et une longue liste d&rsquo;autres musiciens exceptionnels. C&rsquo;est dans cette \u00e9cole qu&rsquo;Ahn Tuan rencontre Baptiste Castets, Arthur Henn et Illyes Ferfera qui formeront avec lui son NEW QUARTET, formation qui voit le jour en mai 2013 au festival Fert\u00e9 Jazz.<\/em><\/p>\n<p><em><img loading=\"lazy\" src=\"https:\/\/kkbb-production.s3.amazonaws.com\/uploads\/project_image\/image\/80009\/Ahn-tuan_au_piano.jpg\" alt=\"Ahn-tuan_au_piano\" width=\"541\" height=\"813\"><\/em><\/p>\n<p>((c) Youri Picart)<\/p>\n<p><em>Musicalement, Ahn Tuan se d\u00e9crit lui-m\u00eame comme un explorateur fou pour qui tout ce qui n&rsquo;est pas distordu, violent, fort et mal n&rsquo;est pas de la musique ; il s&rsquo;imagine chanteur de Motorhead, manager de Kraftwerk, sc\u00e9nariste pour David Lynch ou acteur d&rsquo;un Tarantino. Cette id\u00e9e pr\u00e9con\u00e7ue qu&rsquo;il a de lui-m\u00eame (ou qu&rsquo;il veut que les autres aient ?) masque bien mal une affreuse v\u00e9rit\u00e9 : il d\u00e9teste le jazz, ex\u00e8cre Miles Davis, tout ce qui l&rsquo;attire c&rsquo;est le romantisme sucr\u00e9 des concerti de Rachmaninov ou des BO des films de Miyasaki, il aime Muse encore plus que Radiohead ; certaines mauvaises langues disent qu&rsquo;il a pleur\u00e9 un jour en \u00e9coutant \u00ab\u00a0Ah si j&rsquo;\u00e9tais un homme\u00a0\u00bb de Diane Tell et qu&rsquo;il a vu 17 fois le Fabuleux Destin d&rsquo;Am\u00e9lie Poulain. Au final \u00e7a fait de lui un pianiste \u00e0 l&rsquo;eau de rose, au romantisme inassum\u00e9 et dont les tentatives d\u00e9sesp\u00e9r\u00e9es d&rsquo;ins\u00e9rer quelques dissonances dans sa musique sonnent comme une d\u00e9finition du path\u00e9tisme au point d\u2019en devenir touchant aux larmes.<\/em><\/p>\n<p><em><img loading=\"lazy\" src=\"https:\/\/kkbb-production.s3.amazonaws.com\/uploads\/project_image\/image\/77291\/Ahn_Tuan__photo_Pierre_Treille_.JPG\" alt=\"Ahn_tuan__photo_pierre_treille_\" width=\"540\" height=\"360\"><\/em><\/p>\n<p>(c) Pierre Treille<\/p>\n","protected":false},"excerpt":{"rendered":"<p>Pendant (trop) longtemps, Antoine Galvani a pr\u00e9tendu s&rsquo;appeler Ahn Tuan et a m\u00eame os\u00e9 sortir plusieurs albums sous ce nom. Un t\u00e9moignage anonyme est alors paru dans un faux journal. Si Galvani est plus ou moins revenu \u00e0 la raison aujourd&rsquo;hui (il a d\u00e9clar\u00e9 ceci en janvier 2017 : \u00ab\u00a0Fatigu\u00e9 par la situation au Moyen-Orient [&hellip;]<\/p>\n","protected":false},"author":1,"featured_media":0,"parent":0,"menu_order":3,"comment_status":"closed","ping_status":"closed","template":"","meta":[],"_links":{"self":[{"href":"http:\/\/www.ahntuan.fr\/index.php?rest_route=\/wp\/v2\/pages\/6"}],"collection":[{"href":"http:\/\/www.ahntuan.fr\/index.php?rest_route=\/wp\/v2\/pages"}],"about":[{"href":"http:\/\/www.ahntuan.fr\/index.php?rest_route=\/wp\/v2\/types\/page"}],"author":[{"embeddable":true,"href":"http:\/\/www.ahntuan.fr\/index.php?rest_route=\/wp\/v2\/users\/1"}],"replies":[{"embeddable":true,"href":"http:\/\/www.ahntuan.fr\/index.php?rest_route=%2Fwp%2Fv2%2Fcomments&post=6"}],"version-history":[{"count":6,"href":"http:\/\/www.ahntuan.fr\/index.php?rest_route=\/wp\/v2\/pages\/6\/revisions"}],"predecessor-version":[{"id":592,"href":"http:\/\/www.ahntuan.fr\/index.php?rest_route=\/wp\/v2\/pages\/6\/revisions\/592"}],"wp:attachment":[{"href":"http:\/\/www.ahntuan.fr\/index.php?rest_route=%2Fwp%2Fv2%2Fmedia&parent=6"}],"curies":[{"name":"wp","href":"https:\/\/api.w.org\/{rel}","templated":true}]}}